{"id":5,"date":"2016-03-05T15:44:23","date_gmt":"2016-03-05T15:44:23","guid":{"rendered":"https:\/\/dev3.quartierverein-zollikerberg.ch.marissa.ch-meta.net\/?page_id=5"},"modified":"2020-02-19T16:05:55","modified_gmt":"2020-02-19T14:05:55","slug":"ueber-uns","status":"publish","type":"page","link":"https:\/\/dev3.quartierverein-zollikerberg.ch\/?page_id=5","title":{"rendered":"Vorstand mit Bild"},"content":{"rendered":"\n<div class=\"wp-block-media-text alignwide\" style=\"grid-template-columns:21% auto\"><figure class=\"wp-block-media-text__media\"><img decoding=\"async\" loading=\"lazy\" width=\"400\" height=\"491\" src=\"https:\/\/dev3.quartierverein-zollikerberg.ch\/wp-content\/uploads\/2016\/03\/QV-Vorstand1.jpg\" alt=\"\" class=\"wp-image-6\" srcset=\"https:\/\/dev3.quartierverein-zollikerberg.ch\/wp-content\/uploads\/2016\/03\/QV-Vorstand1.jpg 400w, https:\/\/dev3.quartierverein-zollikerberg.ch\/wp-content\/uploads\/2016\/03\/QV-Vorstand1-244x300.jpg 244w\" sizes=\"(max-width: 400px) 100vw, 400px\" \/><\/figure><div class=\"wp-block-media-text__content\">\n<p>Bild muss noch erneuert werden.<\/p>\n\n\n\n<p class=\"has-normal-font-size\">hier von links nach rechts:&nbsp;Lina Guetg,&nbsp;Valentin Kuster,&nbsp;Fritz Wolf,&nbsp;Dr. med. Urs Schneider,&nbsp;Renate Diener,&nbsp;Daphne Zimmermann,&nbsp;Thomas Weber, (K\u00e4thi Grauer, Austritt per GV 2016), J\u00fcrgen Sch\u00fctt (neu per GV 2015 fehlt); Heinz M\u00e4rki (neu per 2018, fehlt) <\/p>\n<\/div><\/div>\n\n\n<p>Der Vorstand besteht aus&nbsp;folgenden Mitgliedern<\/p>\n<table>\n<tbody>\n<tr>\n<td width=\"182\">Pr\u00e4sident<\/td>\n<td width=\"198\">Fritz Wolf<\/td>\n<td width=\"261\">Hanflandstrasse 81<\/td>\n<td width=\"178\">044 391 77 39<\/td>\n<\/tr>\n<tr>\n<td width=\"182\">Vizepr\u00e4sident<\/td>\n<td width=\"198\">Dr. med. Urs Schneider<\/td>\n<td width=\"261\">Im Grossacher 14<\/td>\n<td width=\"178\">044 391 38 52<\/td>\n<\/tr>\n<tr>\n<td width=\"182\">BeisitzerInnen<\/td>\n<td width=\"198\">Renate Diener<\/td>\n<td width=\"261\">Sonnengartenstrasse 51<\/td>\n<td width=\"178\">044 391 20 91<\/td>\n<\/tr>\n<tr>\n<td width=\"182\">&nbsp;<\/td>\n<td width=\"198\">Heinz M\u00e4rki<\/td>\n<td width=\"261\">B\u00fchlstrasse 22<\/td>\n<td width=\"178\">044 390 30 45<\/td>\n<\/tr>\n<tr>\n<td width=\"182\">&nbsp;<\/td>\n<td width=\"198\">Valentin Kuster<\/td>\n<td width=\"261\">Sch\u00fctzenstrasse 47, Zollikon<\/td>\n<td width=\"178\">077 464 27 72<\/td>\n<\/tr>\n<tr>\n<td width=\"182\">&nbsp;<\/td>\n<td width=\"198\">J\u00fcrgen Sch\u00fctt<\/td>\n<td width=\"261\">Sennhofstrasse 44<\/td>\n<td width=\"178\">044 391 82 31<\/td>\n<\/tr>\n<tr>\n<td width=\"182\">&nbsp;<\/td>\n<td width=\"198\">Thomas Weber<\/td>\n<td width=\"261\">R\u00fcterwiesstrasse 16<\/td>\n<td width=\"178\">044 391 92 23<\/td>\n<\/tr>\n<tr>\n<td width=\"182\">&nbsp;<\/td>\n<td width=\"198\">Daphne Zimmermann<\/td>\n<td width=\"261\">B\u00fchlstrasse 26<\/td>\n<td width=\"178\">044 390 31 15<\/td>\n<\/tr>\n<tr>\n<td width=\"182\">Buchhaltung<\/td>\n<td width=\"198\">Heinz M\u00e4rki<\/td>\n<td width=\"261\">B\u00fchlstrasse 22<\/td>\n<td width=\"178\">044 390 30 45<\/td>\n<\/tr>\n<tr>\n<td width=\"182\">&nbsp;<\/td>\n<td width=\"198\">&nbsp;<\/td>\n<td width=\"261\">&nbsp;<\/td>\n<td width=\"178\">&nbsp;<\/td>\n<\/tr>\n<\/tbody>\n<\/table>\n<p>&nbsp;<\/p>","protected":false},"excerpt":{"rendered":"<div class=\"mh-excerpt\"><p>Bild muss noch erneuert werden. hier von links nach rechts:&nbsp;Lina Guetg,&nbsp;Valentin Kuster,&nbsp;Fritz Wolf,&nbsp;Dr. med. Urs Schneider,&nbsp;Renate Diener,&nbsp;Daphne Zimmermann,&nbsp;Thomas Weber, (K\u00e4thi Grauer, Austritt per GV 2016), J\u00fcrgen Sch\u00fctt (neu per GV 2015 fehlt); Heinz M\u00e4rki (neu <a class=\"mh-excerpt-more\" href=\"https:\/\/dev3.quartierverein-zollikerberg.ch\/?page_id=5\" title=\"Vorstand mit Bild\">[&#8230;]<\/a><\/p>\n<\/div>","protected":false},"author":1,"featured_media":56,"parent":26,"menu_order":0,"comment_status":"closed","ping_status":"closed","template":"","meta":{"ngg_post_thumbnail":0},"_links":{"self":[{"href":"https:\/\/dev3.quartierverein-zollikerberg.ch\/index.php?rest_route=\/wp\/v2\/pages\/5"}],"collection":[{"href":"https:\/\/dev3.quartierverein-zollikerberg.ch\/index.php?rest_route=\/wp\/v2\/pages"}],"about":[{"href":"https:\/\/dev3.quartierverein-zollikerberg.ch\/index.php?rest_route=\/wp\/v2\/types\/page"}],"author":[{"embeddable":true,"href":"https:\/\/dev3.quartierverein-zollikerberg.ch\/index.php?rest_route=\/wp\/v2\/users\/1"}],"replies":[{"embeddable":true,"href":"https:\/\/dev3.quartierverein-zollikerberg.ch\/index.php?rest_route=%2Fwp%2Fv2%2Fcomments&post=5"}],"version-history":[{"count":24,"href":"https:\/\/dev3.quartierverein-zollikerberg.ch\/index.php?rest_route=\/wp\/v2\/pages\/5\/revisions"}],"predecessor-version":[{"id":2103,"href":"https:\/\/dev3.quartierverein-zollikerberg.ch\/index.php?rest_route=\/wp\/v2\/pages\/5\/revisions\/2103"}],"up":[{"embeddable":true,"href":"https:\/\/dev3.quartierverein-zollikerberg.ch\/index.php?rest_route=\/wp\/v2\/pages\/26"}],"wp:featuredmedia":[{"embeddable":true,"href":"https:\/\/dev3.quartierverein-zollikerberg.ch\/index.php?rest_route=\/wp\/v2\/media\/56"}],"wp:attachment":[{"href":"https:\/\/dev3.quartierverein-zollikerberg.ch\/index.php?rest_route=%2Fwp%2Fv2%2Fmedia&parent=5"}],"curies":[{"name":"wp","href":"https:\/\/api.w.org\/{rel}","templated":true}]}}