{"id":70,"date":"2016-03-31T21:11:40","date_gmt":"2016-03-31T19:11:40","guid":{"rendered":"https:\/\/dev3.quartierverein-zollikerberg.ch.marissa.ch-meta.net\/?page_id=70"},"modified":"2020-02-19T18:41:24","modified_gmt":"2020-02-19T16:41:24","slug":"was-sie-sonst-noch-ueber-den-qv-wissen-koennten","status":"publish","type":"page","link":"https:\/\/dev3.quartierverein-zollikerberg.ch\/?page_id=70","title":{"rendered":"Wissenswertes"},"content":{"rendered":"\n<div class=\"wp-block-columns is-layout-flex wp-container-4\">\n<div class=\"wp-block-column is-layout-flow\">\n<p> Die \u00e4ltesten Siedlungen sind wohl der Hof in der <em>Unterhueb<\/em>, das ehemalige <em>Trichtenhusen<\/em> und der <em>Wilhof<\/em>. Sp\u00e4ter kamen die <em>Oberhueb<\/em>, der<em>Sennhof<\/em> und der <em>Sonnengarten<\/em> dazu. Als Einzelsiedlung stand schon fr\u00fch die <a href=\"https:\/\/de.wikipedia.org\/wiki\/Trichtenhauser_M%C3%BChle\">Trichtenhauser M\u00fchle<\/a> im Tobel des Wehrenbachs. <\/p>\n<\/div>\n\n\n\n<div class=\"wp-block-column is-layout-flow\">\n<figure class=\"wp-block-image size-large is-resized\"><img decoding=\"async\" loading=\"lazy\" src=\"https:\/\/dev3.quartierverein-zollikerberg.ch\/wp-content\/uploads\/2016\/03\/Kirche-ref-ZB.jpg\" alt=\"\" class=\"wp-image-56\" width=\"144\" height=\"144\"\/><figcaption>Ref. Kirche<\/figcaption><\/figure>\n<\/div>\n\n\n\n<div class=\"wp-block-column is-layout-flow\">\n<figure class=\"wp-block-image size-large is-resized\"><img decoding=\"async\" loading=\"lazy\" src=\"https:\/\/dev3.quartierverein-zollikerberg.ch\/wp-content\/uploads\/2016\/03\/Kirche-kat-ZB.jpg\" alt=\"\" class=\"wp-image-241\" width=\"147\" height=\"147\"\/><figcaption>Kath. Kirche<\/figcaption><\/figure>\n<\/div>\n<\/div>\n\n\n\n<p> &nbsp;Einst im Mai \u2013 Alpaufzug mit unserer \u201cZ\u00fcri-Chue\u201d <\/p>\n\n\n\n<div class=\"wp-block-columns is-layout-flex wp-container-7\">\n<div class=\"wp-block-column is-layout-flow\">\n<figure class=\"wp-block-image size-large\"><img decoding=\"async\" loading=\"lazy\" width=\"640\" height=\"480\" src=\"https:\/\/dev3.quartierverein-zollikerberg.ch\/wp-content\/uploads\/2016\/04\/Kuh-auf-Berg.jpg\" alt=\"\" class=\"wp-image-226\" srcset=\"https:\/\/dev3.quartierverein-zollikerberg.ch\/wp-content\/uploads\/2016\/04\/Kuh-auf-Berg.jpg 640w, https:\/\/dev3.quartierverein-zollikerberg.ch\/wp-content\/uploads\/2016\/04\/Kuh-auf-Berg-300x225.jpg 300w, https:\/\/dev3.quartierverein-zollikerberg.ch\/wp-content\/uploads\/2016\/04\/Kuh-auf-Berg-326x245.jpg 326w, https:\/\/dev3.quartierverein-zollikerberg.ch\/wp-content\/uploads\/2016\/04\/Kuh-auf-Berg-80x60.jpg 80w\" sizes=\"(max-width: 640px) 100vw, 640px\" \/><\/figure>\n<\/div>\n\n\n\n<div class=\"wp-block-column is-layout-flow\">\n<figure class=\"wp-block-image size-large\"><img decoding=\"async\" loading=\"lazy\" width=\"640\" height=\"480\" src=\"https:\/\/dev3.quartierverein-zollikerberg.ch\/wp-content\/uploads\/2016\/03\/Alpaufzug-vor-Chrami.jpg\" alt=\"\" class=\"wp-image-343\" srcset=\"https:\/\/dev3.quartierverein-zollikerberg.ch\/wp-content\/uploads\/2016\/03\/Alpaufzug-vor-Chrami.jpg 640w, https:\/\/dev3.quartierverein-zollikerberg.ch\/wp-content\/uploads\/2016\/03\/Alpaufzug-vor-Chrami-300x225.jpg 300w, https:\/\/dev3.quartierverein-zollikerberg.ch\/wp-content\/uploads\/2016\/03\/Alpaufzug-vor-Chrami-326x245.jpg 326w, https:\/\/dev3.quartierverein-zollikerberg.ch\/wp-content\/uploads\/2016\/03\/Alpaufzug-vor-Chrami-80x60.jpg 80w\" sizes=\"(max-width: 640px) 100vw, 640px\" \/><\/figure>\n<\/div>\n<\/div>\n\n\n\n<div class=\"wp-block-columns is-layout-flex wp-container-10\">\n<div class=\"wp-block-column is-layout-flow\">\n<!-- index.php -->\n<div\n\tclass=\"ngg-galleryoverview ngg-ajax-pagination-none\"\n\tid=\"ngg-gallery-31d2570a27818cc4d352407e0505f7f3-1\">\n\n    \t<div class=\"slideshowlink\">\n        <a href='https:\/\/dev3.quartierverein-zollikerberg.ch\/index.php\/nggallery\/slideshow?page_id=70'>[Zeige eine Slideshow]<\/a>\n\t\t\n\t<\/div>\n\t\t\t<!-- Thumbnails -->\n\t\t\t\t<div id=\"ngg-image-0\" class=\"ngg-gallery-thumbnail-box\" >\n\t\t\t\t        <div class=\"ngg-gallery-thumbnail\">\n            <a href=\"https:\/\/dev3.quartierverein-zollikerberg.ch\/wp-content\/gallery\/ZB-Landschaften\/DSC00229-2000.jpg\"\n               title=\"\"\n               data-src=\"https:\/\/dev3.quartierverein-zollikerberg.ch\/wp-content\/gallery\/ZB-Landschaften\/DSC00229-2000.jpg\"\n               data-thumbnail=\"https:\/\/dev3.quartierverein-zollikerberg.ch\/wp-content\/gallery\/ZB-Landschaften\/thumbs\/thumbs_DSC00229-2000.jpg\"\n               data-image-id=\"11\"\n               data-title=\"DSC00229-2000\"\n               data-description=\"\"\n               data-image-slug=\"dsc00229-2000\"\n               class=\"ngg-fancybox\" rel=\"31d2570a27818cc4d352407e0505f7f3\">\n                <img\n                    title=\"DSC00229-2000\"\n                    alt=\"DSC00229-2000\"\n                    src=\"https:\/\/dev3.quartierverein-zollikerberg.ch\/wp-content\/gallery\/ZB-Landschaften\/thumbs\/thumbs_DSC00229-2000.jpg\"\n                    width=\"240\"\n                    height=\"160\"\n                    style=\"max-width:100%;\"\n                \/>\n            <\/a>\n        <\/div>\n\t\t\t\t\t\t\t<\/div> \n\t\t\t\n        \n\t\t\t\t<div id=\"ngg-image-1\" class=\"ngg-gallery-thumbnail-box\" >\n\t\t\t\t        <div class=\"ngg-gallery-thumbnail\">\n            <a href=\"https:\/\/dev3.quartierverein-zollikerberg.ch\/wp-content\/gallery\/ZB-Landschaften\/DSC00226-2000.jpg\"\n               title=\"\"\n               data-src=\"https:\/\/dev3.quartierverein-zollikerberg.ch\/wp-content\/gallery\/ZB-Landschaften\/DSC00226-2000.jpg\"\n               data-thumbnail=\"https:\/\/dev3.quartierverein-zollikerberg.ch\/wp-content\/gallery\/ZB-Landschaften\/thumbs\/thumbs_DSC00226-2000.jpg\"\n               data-image-id=\"12\"\n               data-title=\"DSC00226-2000\"\n               data-description=\"\"\n               data-image-slug=\"dsc00226-2000\"\n               class=\"ngg-fancybox\" rel=\"31d2570a27818cc4d352407e0505f7f3\">\n                <img\n                    title=\"DSC00226-2000\"\n                    alt=\"DSC00226-2000\"\n                    src=\"https:\/\/dev3.quartierverein-zollikerberg.ch\/wp-content\/gallery\/ZB-Landschaften\/thumbs\/thumbs_DSC00226-2000.jpg\"\n                    width=\"240\"\n                    height=\"160\"\n                    style=\"max-width:100%;\"\n                \/>\n            <\/a>\n        <\/div>\n\t\t\t\t\t\t\t<\/div> \n\t\t\t\n        \n\t\t\t\t<div id=\"ngg-image-2\" class=\"ngg-gallery-thumbnail-box\" >\n\t\t\t\t        <div class=\"ngg-gallery-thumbnail\">\n            <a href=\"https:\/\/dev3.quartierverein-zollikerberg.ch\/wp-content\/gallery\/ZB-Landschaften\/DSC00232-2000.jpg\"\n               title=\"\"\n               data-src=\"https:\/\/dev3.quartierverein-zollikerberg.ch\/wp-content\/gallery\/ZB-Landschaften\/DSC00232-2000.jpg\"\n               data-thumbnail=\"https:\/\/dev3.quartierverein-zollikerberg.ch\/wp-content\/gallery\/ZB-Landschaften\/thumbs\/thumbs_DSC00232-2000.jpg\"\n               data-image-id=\"13\"\n               data-title=\"DSC00232-2000\"\n               data-description=\"\"\n               data-image-slug=\"dsc00232-2000\"\n               class=\"ngg-fancybox\" rel=\"31d2570a27818cc4d352407e0505f7f3\">\n                <img\n                    title=\"DSC00232-2000\"\n                    alt=\"DSC00232-2000\"\n                    src=\"https:\/\/dev3.quartierverein-zollikerberg.ch\/wp-content\/gallery\/ZB-Landschaften\/thumbs\/thumbs_DSC00232-2000.jpg\"\n                    width=\"240\"\n                    height=\"160\"\n                    style=\"max-width:100%;\"\n                \/>\n            <\/a>\n        <\/div>\n\t\t\t\t\t\t\t<\/div> \n\t\t\t\n        \n\t\t\t\t<div id=\"ngg-image-3\" class=\"ngg-gallery-thumbnail-box\" >\n\t\t\t\t        <div class=\"ngg-gallery-thumbnail\">\n            <a href=\"https:\/\/dev3.quartierverein-zollikerberg.ch\/wp-content\/gallery\/ZB-Landschaften\/DSC00233-2000.jpg\"\n               title=\"\"\n               data-src=\"https:\/\/dev3.quartierverein-zollikerberg.ch\/wp-content\/gallery\/ZB-Landschaften\/DSC00233-2000.jpg\"\n               data-thumbnail=\"https:\/\/dev3.quartierverein-zollikerberg.ch\/wp-content\/gallery\/ZB-Landschaften\/thumbs\/thumbs_DSC00233-2000.jpg\"\n               data-image-id=\"14\"\n               data-title=\"DSC00233-2000\"\n               data-description=\"\"\n               data-image-slug=\"dsc00233-2000\"\n               class=\"ngg-fancybox\" rel=\"31d2570a27818cc4d352407e0505f7f3\">\n                <img\n                    title=\"DSC00233-2000\"\n                    alt=\"DSC00233-2000\"\n                    src=\"https:\/\/dev3.quartierverein-zollikerberg.ch\/wp-content\/gallery\/ZB-Landschaften\/thumbs\/thumbs_DSC00233-2000.jpg\"\n                    width=\"240\"\n                    height=\"160\"\n                    style=\"max-width:100%;\"\n                \/>\n            <\/a>\n        <\/div>\n\t\t\t\t\t\t\t<\/div> \n\t\t\t\n        \n\t\t\t\t<div id=\"ngg-image-4\" class=\"ngg-gallery-thumbnail-box\" >\n\t\t\t\t        <div class=\"ngg-gallery-thumbnail\">\n            <a href=\"https:\/\/dev3.quartierverein-zollikerberg.ch\/wp-content\/gallery\/ZB-Landschaften\/DSC00231-2000.jpg\"\n               title=\"\"\n               data-src=\"https:\/\/dev3.quartierverein-zollikerberg.ch\/wp-content\/gallery\/ZB-Landschaften\/DSC00231-2000.jpg\"\n               data-thumbnail=\"https:\/\/dev3.quartierverein-zollikerberg.ch\/wp-content\/gallery\/ZB-Landschaften\/thumbs\/thumbs_DSC00231-2000.jpg\"\n               data-image-id=\"15\"\n               data-title=\"DSC00231-2000\"\n               data-description=\"\"\n               data-image-slug=\"dsc00231-2000\"\n               class=\"ngg-fancybox\" rel=\"31d2570a27818cc4d352407e0505f7f3\">\n                <img\n                    title=\"DSC00231-2000\"\n                    alt=\"DSC00231-2000\"\n                    src=\"https:\/\/dev3.quartierverein-zollikerberg.ch\/wp-content\/gallery\/ZB-Landschaften\/thumbs\/thumbs_DSC00231-2000.jpg\"\n                    width=\"240\"\n                    height=\"160\"\n                    style=\"max-width:100%;\"\n                \/>\n            <\/a>\n        <\/div>\n\t\t\t\t\t\t\t<\/div> \n\t\t\t\n        \n\t\t\t\t<div id=\"ngg-image-5\" class=\"ngg-gallery-thumbnail-box\" >\n\t\t\t\t        <div class=\"ngg-gallery-thumbnail\">\n            <a href=\"https:\/\/dev3.quartierverein-zollikerberg.ch\/wp-content\/gallery\/ZB-Landschaften\/DSC00230-2000.jpg\"\n               title=\"\"\n               data-src=\"https:\/\/dev3.quartierverein-zollikerberg.ch\/wp-content\/gallery\/ZB-Landschaften\/DSC00230-2000.jpg\"\n               data-thumbnail=\"https:\/\/dev3.quartierverein-zollikerberg.ch\/wp-content\/gallery\/ZB-Landschaften\/thumbs\/thumbs_DSC00230-2000.jpg\"\n               data-image-id=\"16\"\n               data-title=\"DSC00230-2000\"\n               data-description=\"\"\n               data-image-slug=\"dsc00230-2000\"\n               class=\"ngg-fancybox\" rel=\"31d2570a27818cc4d352407e0505f7f3\">\n                <img\n                    title=\"DSC00230-2000\"\n                    alt=\"DSC00230-2000\"\n                    src=\"https:\/\/dev3.quartierverein-zollikerberg.ch\/wp-content\/gallery\/ZB-Landschaften\/thumbs\/thumbs_DSC00230-2000.jpg\"\n                    width=\"240\"\n                    height=\"160\"\n                    style=\"max-width:100%;\"\n                \/>\n            <\/a>\n        <\/div>\n\t\t\t\t\t\t\t<\/div> \n\t\t\t\n        \n\t\t\t\t<div id=\"ngg-image-6\" class=\"ngg-gallery-thumbnail-box\" >\n\t\t\t\t        <div class=\"ngg-gallery-thumbnail\">\n            <a href=\"https:\/\/dev3.quartierverein-zollikerberg.ch\/wp-content\/gallery\/ZB-Landschaften\/DSC00234-2000.jpg\"\n               title=\"\"\n               data-src=\"https:\/\/dev3.quartierverein-zollikerberg.ch\/wp-content\/gallery\/ZB-Landschaften\/DSC00234-2000.jpg\"\n               data-thumbnail=\"https:\/\/dev3.quartierverein-zollikerberg.ch\/wp-content\/gallery\/ZB-Landschaften\/thumbs\/thumbs_DSC00234-2000.jpg\"\n               data-image-id=\"17\"\n               data-title=\"DSC00234-2000\"\n               data-description=\"\"\n               data-image-slug=\"dsc00234-2000\"\n               class=\"ngg-fancybox\" rel=\"31d2570a27818cc4d352407e0505f7f3\">\n                <img\n                    title=\"DSC00234-2000\"\n                    alt=\"DSC00234-2000\"\n                    src=\"https:\/\/dev3.quartierverein-zollikerberg.ch\/wp-content\/gallery\/ZB-Landschaften\/thumbs\/thumbs_DSC00234-2000.jpg\"\n                    width=\"240\"\n                    height=\"160\"\n                    style=\"max-width:100%;\"\n                \/>\n            <\/a>\n        <\/div>\n\t\t\t\t\t\t\t<\/div> \n\t\t\t\n        \n\t\t\t\t<div id=\"ngg-image-7\" class=\"ngg-gallery-thumbnail-box\" >\n\t\t\t\t        <div class=\"ngg-gallery-thumbnail\">\n            <a href=\"https:\/\/dev3.quartierverein-zollikerberg.ch\/wp-content\/gallery\/ZB-Landschaften\/DSC00235-2000.jpg\"\n               title=\"\"\n               data-src=\"https:\/\/dev3.quartierverein-zollikerberg.ch\/wp-content\/gallery\/ZB-Landschaften\/DSC00235-2000.jpg\"\n               data-thumbnail=\"https:\/\/dev3.quartierverein-zollikerberg.ch\/wp-content\/gallery\/ZB-Landschaften\/thumbs\/thumbs_DSC00235-2000.jpg\"\n               data-image-id=\"18\"\n               data-title=\"DSC00235-2000\"\n               data-description=\"\"\n               data-image-slug=\"dsc00235-2000\"\n               class=\"ngg-fancybox\" rel=\"31d2570a27818cc4d352407e0505f7f3\">\n                <img\n                    title=\"DSC00235-2000\"\n                    alt=\"DSC00235-2000\"\n                    src=\"https:\/\/dev3.quartierverein-zollikerberg.ch\/wp-content\/gallery\/ZB-Landschaften\/thumbs\/thumbs_DSC00235-2000.jpg\"\n                    width=\"240\"\n                    height=\"160\"\n                    style=\"max-width:100%;\"\n                \/>\n            <\/a>\n        <\/div>\n\t\t\t\t\t\t\t<\/div> \n\t\t\t\n        \n\t\t\t\t<div id=\"ngg-image-8\" class=\"ngg-gallery-thumbnail-box\" >\n\t\t\t\t        <div class=\"ngg-gallery-thumbnail\">\n            <a href=\"https:\/\/dev3.quartierverein-zollikerberg.ch\/wp-content\/gallery\/ZB-Landschaften\/DSC00228-2000.jpg\"\n               title=\"\"\n               data-src=\"https:\/\/dev3.quartierverein-zollikerberg.ch\/wp-content\/gallery\/ZB-Landschaften\/DSC00228-2000.jpg\"\n               data-thumbnail=\"https:\/\/dev3.quartierverein-zollikerberg.ch\/wp-content\/gallery\/ZB-Landschaften\/thumbs\/thumbs_DSC00228-2000.jpg\"\n               data-image-id=\"19\"\n               data-title=\"DSC00228-2000\"\n               data-description=\"\"\n               data-image-slug=\"dsc00228-2000\"\n               class=\"ngg-fancybox\" rel=\"31d2570a27818cc4d352407e0505f7f3\">\n                <img\n                    title=\"DSC00228-2000\"\n                    alt=\"DSC00228-2000\"\n                    src=\"https:\/\/dev3.quartierverein-zollikerberg.ch\/wp-content\/gallery\/ZB-Landschaften\/thumbs\/thumbs_DSC00228-2000.jpg\"\n                    width=\"240\"\n                    height=\"160\"\n                    style=\"max-width:100%;\"\n                \/>\n            <\/a>\n        <\/div>\n\t\t\t\t\t\t\t<\/div> \n\t\t\t\n        \n\t\t\t\t<div id=\"ngg-image-9\" class=\"ngg-gallery-thumbnail-box\" >\n\t\t\t\t        <div class=\"ngg-gallery-thumbnail\">\n            <a href=\"https:\/\/dev3.quartierverein-zollikerberg.ch\/wp-content\/gallery\/ZB-Landschaften\/DSC00227-2000.jpg\"\n               title=\"\"\n               data-src=\"https:\/\/dev3.quartierverein-zollikerberg.ch\/wp-content\/gallery\/ZB-Landschaften\/DSC00227-2000.jpg\"\n               data-thumbnail=\"https:\/\/dev3.quartierverein-zollikerberg.ch\/wp-content\/gallery\/ZB-Landschaften\/thumbs\/thumbs_DSC00227-2000.jpg\"\n               data-image-id=\"20\"\n               data-title=\"DSC00227-2000\"\n               data-description=\"\"\n               data-image-slug=\"dsc00227-2000\"\n               class=\"ngg-fancybox\" rel=\"31d2570a27818cc4d352407e0505f7f3\">\n                <img\n                    title=\"DSC00227-2000\"\n                    alt=\"DSC00227-2000\"\n                    src=\"https:\/\/dev3.quartierverein-zollikerberg.ch\/wp-content\/gallery\/ZB-Landschaften\/thumbs\/thumbs_DSC00227-2000.jpg\"\n                    width=\"240\"\n                    height=\"160\"\n                    style=\"max-width:100%;\"\n                \/>\n            <\/a>\n        <\/div>\n\t\t\t\t\t\t\t<\/div> \n\t\t\t\n        \n\t\t\n\t\t<!-- Pagination -->\n\t<div class='ngg-clear'><\/div>\t<\/div>\n\n<\/div>\n\n\n\n<div class=\"wp-block-column is-layout-flow\">\n<!-- index.php -->\n<div\n\tclass=\"ngg-galleryoverview ngg-ajax-pagination-none\"\n\tid=\"ngg-gallery-bff3502288debea56ac2910a32e9777c-1\">\n\n    \t<div class=\"slideshowlink\">\n        <a href='https:\/\/dev3.quartierverein-zollikerberg.ch\/index.php\/nggallery\/slideshow?page_id=70'>[Zeige eine Slideshow]<\/a>\n\t\t\n\t<\/div>\n\t\t\t<!-- Thumbnails -->\n\t\t\t\t<div id=\"ngg-image-0\" class=\"ngg-gallery-thumbnail-box\" >\n\t\t\t\t        <div class=\"ngg-gallery-thumbnail\">\n            <a href=\"https:\/\/dev3.quartierverein-zollikerberg.ch\/wp-content\/gallery\/Quartiertreff\/Quartiertreff1-1.JPG\"\n               title=\"\"\n               data-src=\"https:\/\/dev3.quartierverein-zollikerberg.ch\/wp-content\/gallery\/Quartiertreff\/Quartiertreff1-1.JPG\"\n               data-thumbnail=\"https:\/\/dev3.quartierverein-zollikerberg.ch\/wp-content\/gallery\/Quartiertreff\/thumbs\/thumbs_Quartiertreff1-1.JPG\"\n               data-image-id=\"22\"\n               data-title=\"Quartiertreff1 (1)\"\n               data-description=\"\"\n               data-image-slug=\"quartiertreff1-1\"\n               class=\"ngg-fancybox\" rel=\"bff3502288debea56ac2910a32e9777c\">\n                <img\n                    title=\"Quartiertreff1 (1)\"\n                    alt=\"Quartiertreff1 (1)\"\n                    src=\"https:\/\/dev3.quartierverein-zollikerberg.ch\/wp-content\/gallery\/Quartiertreff\/thumbs\/thumbs_Quartiertreff1-1.JPG\"\n                    width=\"240\"\n                    height=\"160\"\n                    style=\"max-width:100%;\"\n                \/>\n            <\/a>\n        <\/div>\n\t\t\t\t\t\t\t<\/div> \n\t\t\t\n        \n\t\t\t\t<div id=\"ngg-image-1\" class=\"ngg-gallery-thumbnail-box\" >\n\t\t\t\t        <div class=\"ngg-gallery-thumbnail\">\n            <a href=\"https:\/\/dev3.quartierverein-zollikerberg.ch\/wp-content\/gallery\/Quartiertreff\/Quartiertreff1-2.JPG\"\n               title=\"\"\n               data-src=\"https:\/\/dev3.quartierverein-zollikerberg.ch\/wp-content\/gallery\/Quartiertreff\/Quartiertreff1-2.JPG\"\n               data-thumbnail=\"https:\/\/dev3.quartierverein-zollikerberg.ch\/wp-content\/gallery\/Quartiertreff\/thumbs\/thumbs_Quartiertreff1-2.JPG\"\n               data-image-id=\"23\"\n               data-title=\"Quartiertreff1 (2)\"\n               data-description=\"\"\n               data-image-slug=\"quartiertreff1-2\"\n               class=\"ngg-fancybox\" rel=\"bff3502288debea56ac2910a32e9777c\">\n                <img\n                    title=\"Quartiertreff1 (2)\"\n                    alt=\"Quartiertreff1 (2)\"\n                    src=\"https:\/\/dev3.quartierverein-zollikerberg.ch\/wp-content\/gallery\/Quartiertreff\/thumbs\/thumbs_Quartiertreff1-2.JPG\"\n                    width=\"240\"\n                    height=\"160\"\n                    style=\"max-width:100%;\"\n                \/>\n            <\/a>\n        <\/div>\n\t\t\t\t\t\t\t<\/div> \n\t\t\t\n        \n\t\t\t\t<div id=\"ngg-image-2\" class=\"ngg-gallery-thumbnail-box\" >\n\t\t\t\t        <div class=\"ngg-gallery-thumbnail\">\n            <a href=\"https:\/\/dev3.quartierverein-zollikerberg.ch\/wp-content\/gallery\/Quartiertreff\/Quartiertreff1-3.JPG\"\n               title=\"\"\n               data-src=\"https:\/\/dev3.quartierverein-zollikerberg.ch\/wp-content\/gallery\/Quartiertreff\/Quartiertreff1-3.JPG\"\n               data-thumbnail=\"https:\/\/dev3.quartierverein-zollikerberg.ch\/wp-content\/gallery\/Quartiertreff\/thumbs\/thumbs_Quartiertreff1-3.JPG\"\n               data-image-id=\"24\"\n               data-title=\"Quartiertreff1 (3)\"\n               data-description=\"\"\n               data-image-slug=\"quartiertreff1-3\"\n               class=\"ngg-fancybox\" rel=\"bff3502288debea56ac2910a32e9777c\">\n                <img\n                    title=\"Quartiertreff1 (3)\"\n                    alt=\"Quartiertreff1 (3)\"\n                    src=\"https:\/\/dev3.quartierverein-zollikerberg.ch\/wp-content\/gallery\/Quartiertreff\/thumbs\/thumbs_Quartiertreff1-3.JPG\"\n                    width=\"240\"\n                    height=\"160\"\n                    style=\"max-width:100%;\"\n                \/>\n            <\/a>\n        <\/div>\n\t\t\t\t\t\t\t<\/div> \n\t\t\t\n        \n\t\t\t\t<div id=\"ngg-image-3\" class=\"ngg-gallery-thumbnail-box\" >\n\t\t\t\t        <div class=\"ngg-gallery-thumbnail\">\n            <a href=\"https:\/\/dev3.quartierverein-zollikerberg.ch\/wp-content\/gallery\/Quartiertreff\/Quartiertreff1-4.JPG\"\n               title=\"\"\n               data-src=\"https:\/\/dev3.quartierverein-zollikerberg.ch\/wp-content\/gallery\/Quartiertreff\/Quartiertreff1-4.JPG\"\n               data-thumbnail=\"https:\/\/dev3.quartierverein-zollikerberg.ch\/wp-content\/gallery\/Quartiertreff\/thumbs\/thumbs_Quartiertreff1-4.JPG\"\n               data-image-id=\"25\"\n               data-title=\"Quartiertreff1 (4)\"\n               data-description=\"\"\n               data-image-slug=\"quartiertreff1-4\"\n               class=\"ngg-fancybox\" rel=\"bff3502288debea56ac2910a32e9777c\">\n                <img\n                    title=\"Quartiertreff1 (4)\"\n                    alt=\"Quartiertreff1 (4)\"\n                    src=\"https:\/\/dev3.quartierverein-zollikerberg.ch\/wp-content\/gallery\/Quartiertreff\/thumbs\/thumbs_Quartiertreff1-4.JPG\"\n                    width=\"240\"\n                    height=\"160\"\n                    style=\"max-width:100%;\"\n                \/>\n            <\/a>\n        <\/div>\n\t\t\t\t\t\t\t<\/div> \n\t\t\t\n        \n\t\t\n\t\t<!-- Pagination -->\n\t<div class='ngg-clear'><\/div>\t<\/div>\n\n<\/div>\n<\/div>\n","protected":false},"excerpt":{"rendered":"<div class=\"mh-excerpt\"><p>Die \u00e4ltesten Siedlungen sind wohl der Hof in der Unterhueb, das ehemalige Trichtenhusen und der Wilhof. Sp\u00e4ter kamen die Oberhueb, derSennhof und der Sonnengarten dazu. Als Einzelsiedlung stand schon fr\u00fch die Trichtenhauser M\u00fchle im Tobel <a class=\"mh-excerpt-more\" href=\"https:\/\/dev3.quartierverein-zollikerberg.ch\/?page_id=70\" title=\"Wissenswertes\">[&#8230;]<\/a><\/p>\n<\/div>","protected":false},"author":1,"featured_media":0,"parent":16,"menu_order":0,"comment_status":"closed","ping_status":"closed","template":"","meta":{"ngg_post_thumbnail":0},"_links":{"self":[{"href":"https:\/\/dev3.quartierverein-zollikerberg.ch\/index.php?rest_route=\/wp\/v2\/pages\/70"}],"collection":[{"href":"https:\/\/dev3.quartierverein-zollikerberg.ch\/index.php?rest_route=\/wp\/v2\/pages"}],"about":[{"href":"https:\/\/dev3.quartierverein-zollikerberg.ch\/index.php?rest_route=\/wp\/v2\/types\/page"}],"author":[{"embeddable":true,"href":"https:\/\/dev3.quartierverein-zollikerberg.ch\/index.php?rest_route=\/wp\/v2\/users\/1"}],"replies":[{"embeddable":true,"href":"https:\/\/dev3.quartierverein-zollikerberg.ch\/index.php?rest_route=%2Fwp%2Fv2%2Fcomments&post=70"}],"version-history":[{"count":27,"href":"https:\/\/dev3.quartierverein-zollikerberg.ch\/index.php?rest_route=\/wp\/v2\/pages\/70\/revisions"}],"predecessor-version":[{"id":2122,"href":"https:\/\/dev3.quartierverein-zollikerberg.ch\/index.php?rest_route=\/wp\/v2\/pages\/70\/revisions\/2122"}],"up":[{"embeddable":true,"href":"https:\/\/dev3.quartierverein-zollikerberg.ch\/index.php?rest_route=\/wp\/v2\/pages\/16"}],"wp:attachment":[{"href":"https:\/\/dev3.quartierverein-zollikerberg.ch\/index.php?rest_route=%2Fwp%2Fv2%2Fmedia&parent=70"}],"curies":[{"name":"wp","href":"https:\/\/api.w.org\/{rel}","templated":true}]}}